{"id":2,"date":"2008-10-18T13:54:36","date_gmt":"2008-10-18T11:54:36","guid":{"rendered":"http:\/\/s261914648.online.de\/blog\/?page_id=2"},"modified":"2021-11-08T13:06:22","modified_gmt":"2021-11-08T11:06:22","slug":"impressum","status":"publish","type":"page","link":"http:\/\/www.dailyarvel.de\/?page_id=2","title":{"rendered":"Impressum"},"content":{"rendered":"<p>Impressum<br \/>\nAngaben gem\u00e4\u00df \u00a7 5 TMG:<\/p>\n<p>Kai Uwe Hagenburg<br \/>\nGriesborner Str. 2<br \/>\n66806 Ensdorf<\/p>\n<p>Kontakt:<\/p>\n<p>Telefon:<br \/>\nFolgt<br \/>\nTelefax:<br \/>\nE-Mail:<br \/>\nkai@dailyarvel.de<br \/>\nVerantwortlich f\u00fcr den Inhalt nach \u00a7 55 Abs. 2 RStV:<\/p>\n<p>Kai Uwe, Hagenburg<br \/>\nGriesborner Str. 2<br \/>\n66806 Ensdorf<\/p>\n<p>Quelle: http:\/\/www.e-recht24.de<br \/>\nIhr pers\u00f6nlicher Disclaimer:<\/p>\n<p>Haftungsausschluss (Disclaimer)<br \/>\nHaftung f\u00fcr Inhalte<br \/>\nAls Diensteanbieter sind wir gem\u00e4\u00df \u00a7 7 Abs.1 TMG f\u00fcr eigene Inhalte auf diesen Seiten nach den allgemeinen Gesetzen verantwortlich. Nach \u00a7\u00a7 8 bis 10 TMG sind wir als Diensteanbieter jedoch nicht verpflichtet, \u00fcbermittelte oder gespeicherte fremde Informationen zu \u00fcberwachen oder nach Umst\u00e4nden zu forschen, die auf eine rechtswidrige T\u00e4tigkeit hinweisen. Verpflichtungen zur Entfernung oder Sperrung der Nutzung von Informationen nach den allgemeinen Gesetzen bleiben hiervon unber\u00fchrt. Eine diesbez\u00fcgliche Haftung ist jedoch erst ab dem Zeitpunkt der Kenntnis einer konkreten Rechtsverletzung m\u00f6glich. Bei Bekanntwerden von entsprechenden Rechtsverletzungen werden wir diese Inhalte umgehend entfernen.<br \/>\nHaftung f\u00fcr Links<br \/>\nUnser Angebot enth\u00e4lt Links zu externen Webseiten Dritter, auf deren Inhalte wir keinen Einfluss haben. Deshalb k\u00f6nnen wir f\u00fcr diese fremden Inhalte auch keine Gew\u00e4hr \u00fcbernehmen. F\u00fcr die Inhalte der verlinkten Seiten ist stets der jeweilige Anbieter oder Betreiber der Seiten verantwortlich. Die verlinkten Seiten wurden zum Zeitpunkt der Verlinkung auf m\u00f6gliche Rechtsverst\u00f6\u00dfe \u00fcberpr\u00fcft. Rechtswidrige Inhalte waren zum Zeitpunkt der Verlinkung nicht erkennbar. Eine permanente inhaltliche Kontrolle der verlinkten Seiten ist jedoch ohne konkrete Anhaltspunkte einer Rechtsverletzung nicht zumutbar. Bei Bekanntwerden von Rechtsverletzungen werden wir derartige Links umgehend entfernen.<br \/>\nUrheberrecht<br \/>\nDie durch die Seitenbetreiber erstellten Inhalte und Werke auf diesen Seiten unterliegen dem deutschen Urheberrecht. Die Vervielf\u00e4ltigung, Bearbeitung, Verbreitung und jede Art der Verwertung au\u00dferhalb der Grenzen des Urheberrechtes bed\u00fcrfen der schriftlichen Zustimmung des jeweiligen Autors bzw. Erstellers. Downloads und Kopien dieser Seite sind nur f\u00fcr den privaten, nicht kommerziellen Gebrauch gestattet. Soweit die Inhalte auf dieser Seite nicht vom Betreiber erstellt wurden, werden die Urheberrechte Dritter beachtet. Insbesondere werden Inhalte Dritter als solche gekennzeichnet. Sollten Sie trotzdem auf eine Urheberrechtsverletzung aufmerksam werden, bitten wir um einen entsprechenden Hinweis. Bei Bekanntwerden von Rechtsverletzungen werden wir derartige Inhalte umgehend entfernen.<\/p>\n<p>Quellen: Disclaimer von eRecht24, dem Portal zum Internetrecht von Rechtsanwalt S\u00f6ren Siebert<\/p>\n<p>&nbsp;<\/p>\n<p>&nbsp;<\/p>\n<p>&nbsp;<\/p>\n<p>Herzlich willkommen auf diesem kleinen Weblog.<\/p>\n<p>Entstanden ist dieser Blog zu Beginn des Jahres 2008 auf der Blogger-Plattform Blogger.com (a.k.a. blogspot). Ich wollte nachdem ich eine halbe Woche in Berlin verbracht habe, einfach mal meine Erlebnisse niederschreiben, und so hab ich mich eines Abends dazu entschlossen, mich einmal bei google anzumelden. Im Verlauf der folgenden Monate sind dann etwas mehr als Hundert Eintr\u00e4ge entstanden. Ich blogge zumeist \u00fcber Geschehnisse an der Universit\u00e4t des Saarlandes und Kuriosit\u00e4ten. Wie man schnell sehen kann, fotografiere ich gern und nehme ab und zu auch mal das eine oder andere witzige Video auf. Der Ton des Blogs ist sehr ironisch gehalten, deshalb bitte ich an einigen Stellen um Verst\u00e4ndnis.<\/p>\n<p>Zu meiner Person: Ich bin zur Zeit Entwicklungsingenieur im Bereich Automotive t\u00e4tig in der Stuttgarter Region t\u00e4tig. Zuvor habe ich mehrere Jahre lang in der N\u00e4he von Augsburg gelebt und dort f\u00fcr Firmen im 3D-Entertainment-Bereich gearbeitet. Davor war ich mehrere Jahre lang wissenschaftlicher Mitarbeiter an der Universit\u00e4t des Saarlandes in der Gruppe f\u00fcr Mathematische Bildanalyse (Mathematical Image Analysis; zu meiner <a href=\"http:\/\/www.mia.uni-saarland.de\/hagenburg\">Uni-Homepage<\/a>). Im Jahre 2002 habe ich angefangen an der UdS zu studieren, wo ich nach anf\u00e4nglichen 2 Semestern Wirtschaftsinformatik umgesattelt habe auf Informatik, dort 2006 den Titel des &#8222;Bachelor of Science&#8220; erworben habe im Studiengang Computer Science und 2008 den Titel &#8222;Master of Science&#8220; im Studiengang Visual Computing.<\/p>\n<p>In meiner Freizeit fotografiere ich gerne (und bearbeite diese *g*), lese B\u00fccher, spiele Computerspiele und schaue gerne TV-Serien und Filme. N\u00e4here Impressumsangaben gibt es hier:<\/p>\n<address>Kai Hagenburg<\/address>\n<address>Griesborner Str. 2<br \/>\n66806 Ensdorf<\/address>\n<p>kai *punkt* hagenburg *\u00e4tt* gmail *punkt* com<\/p>\n<p style=\"text-align: left;\"><strong>Disclaimer<\/strong><\/p>\n<p>Mit Urteil vom 13. Juli 2003 &#8211; AZ 512 O 85\/98 &#8211; \u201cHaftung f\u00fcr Links\u201d hat das Landgericht Offenbach entschieden, dass man durch einen Verweis auf ein anderes Dokument innerhalb eines Hypertextes die betroffene Seite linkt. Dies Linken kann &#8211; so das Landgericht &#8211; nur dadurch verhindert werden, indem man hinsichtlich der Inhalte der gelinkten Seiten ausdr\u00fccklich seine Betroffenheit \u00e4u\u00dfert.<\/p>\n<p>Hiermit \u00e4u\u00dfern wir im Hinblick auf die Inhalte wie auch auf die Macher der von www.dailyarvel.de gelinkten Inhalte unsere \u00e4u\u00dferste Betroffenheit.<\/p>\n<p style=\"text-align: right;\"><em>Disclaimer by www.sheng-fui.de<\/em><\/p>\n","protected":false},"excerpt":{"rendered":"<p>Impressum Angaben gem\u00e4\u00df \u00a7 5 TMG: Kai Uwe Hagenburg Griesborner Str. 2 66806 Ensdorf Kontakt: Telefon: Folgt Telefax: E-Mail: kai@dailyarvel.de Verantwortlich f\u00fcr den Inhalt nach \u00a7 55 Abs. 2 RStV: Kai Uwe, Hagenburg Griesborner Str. 2 66806 Ensdorf Quelle: http:\/\/www.e-recht24.de Ihr pers\u00f6nlicher Disclaimer: Haftungsausschluss (Disclaimer) Haftung f\u00fcr Inhalte Als Diensteanbieter sind wir gem\u00e4\u00df \u00a7 7 [&hellip;]<\/p>\n","protected":false},"author":2,"featured_media":0,"parent":0,"menu_order":0,"comment_status":"open","ping_status":"open","template":"","meta":{"_exactmetrics_skip_tracking":false,"_exactmetrics_sitenote_active":false,"_exactmetrics_sitenote_note":"","_exactmetrics_sitenote_category":0,"ngg_post_thumbnail":0,"jetpack_post_was_ever_published":false,"footnotes":""},"class_list":["post-2","page","type-page","status-publish","hentry"],"jetpack_shortlink":"https:\/\/wp.me\/P2tmAQ-2","jetpack_sharing_enabled":true,"_links":{"self":[{"href":"http:\/\/www.dailyarvel.de\/index.php?rest_route=\/wp\/v2\/pages\/2","targetHints":{"allow":["GET"]}}],"collection":[{"href":"http:\/\/www.dailyarvel.de\/index.php?rest_route=\/wp\/v2\/pages"}],"about":[{"href":"http:\/\/www.dailyarvel.de\/index.php?rest_route=\/wp\/v2\/types\/page"}],"author":[{"embeddable":true,"href":"http:\/\/www.dailyarvel.de\/index.php?rest_route=\/wp\/v2\/users\/2"}],"replies":[{"embeddable":true,"href":"http:\/\/www.dailyarvel.de\/index.php?rest_route=%2Fwp%2Fv2%2Fcomments&post=2"}],"version-history":[{"count":10,"href":"http:\/\/www.dailyarvel.de\/index.php?rest_route=\/wp\/v2\/pages\/2\/revisions"}],"predecessor-version":[{"id":2253,"href":"http:\/\/www.dailyarvel.de\/index.php?rest_route=\/wp\/v2\/pages\/2\/revisions\/2253"}],"wp:attachment":[{"href":"http:\/\/www.dailyarvel.de\/index.php?rest_route=%2Fwp%2Fv2%2Fmedia&parent=2"}],"curies":[{"name":"wp","href":"https:\/\/api.w.org\/{rel}","templated":true}]}}