{"id":1853,"date":"2014-03-03T00:24:26","date_gmt":"2014-03-02T22:24:26","guid":{"rendered":"http:\/\/www.dailyarvel.de\/?page_id=1853"},"modified":"2014-03-03T00:24:26","modified_gmt":"2014-03-02T22:24:26","slug":"youtube-videos","status":"publish","type":"page","link":"http:\/\/www.dailyarvel.de\/?page_id=1853","title":{"rendered":"YouTube Videos"},"content":{"rendered":"<div class=\"lyte-wrapper\" title=\"Das Intro - Episode 001 - Daily Arvel TV\" style=\"width:640px;max-width:100%;margin:5px;\"><div class=\"lyMe hidef\" id=\"WYL_sfmWZQY-PJk\" itemprop=\"video\" itemscope itemtype=\"https:\/\/schema.org\/VideoObject\"><div><meta itemprop=\"thumbnailUrl\" content=\"\/\/i.ytimg.com\/vi\/sfmWZQY-PJk\/maxresdefault.jpg\" \/><meta itemprop=\"embedURL\" content=\"https:\/\/www.youtube.com\/embed\/sfmWZQY-PJk\" \/><meta itemprop=\"duration\" content=\"T164S\" \/><meta itemprop=\"uploadDate\" content=\"2013-09-09T20:19:52.000Z\" \/><\/div><div id=\"lyte_sfmWZQY-PJk\" data-src=\"\/\/i.ytimg.com\/vi\/sfmWZQY-PJk\/maxresdefault.jpg\" class=\"pL\"><div class=\"tC\"><div class=\"tT\" itemprop=\"name\">Das Intro - Episode 001 - Daily Arvel TV<\/div><\/div><div class=\"play\"><\/div><div class=\"ctrl\"><div class=\"Lctrl\"><\/div><div class=\"Rctrl\"><\/div><\/div><\/div><noscript><a href=\"http:\/\/youtu.be\/sfmWZQY-PJk\" rel=\"nofollow\"><img loading=\"lazy\" decoding=\"async\" src=\"http:\/\/i.ytimg.com\/vi\/sfmWZQY-PJk\/0.jpg\" alt=\"Das Intro - Episode 001 - Daily Arvel TV\" width=\"640\" height=\"340\" \/><\/a><\/noscript><meta itemprop=\"description\" content=\"Einige Leute kennen mich noch von der Uni Saarbr\u00fccken, andere kennen mich von Fantasticbody TV oder einige kennen mich von meinem Weblog. Jetzt mache ich meinen eigenen Kanal auf Youtube auf. Einige meiner Freunde nennen mich auch &quot;Wandelnde Wikipedia&quot; oder &quot;Menschliches Shazam&quot;, deshalb m\u00f6chte ich gern mal mein Wissen - und auch mein Unwissen - gern mit euch teilen. Ich hoffe, euch gefallen meine kommenden Videos. Homepage: www.dailyarvel.de\"><\/div><\/div><div class=\"lL\" style=\"max-width:100%;width:640px;margin:5px;\"> <a href=\"http:\/\/youtu.be\/sfmWZQY-PJk\" target=\"_blank\">Dieses Video auf YouTube ansehen<\/a>.<\/div><\/p>\n<div class=\"lyte-wrapper\" title=\"Das Geocaching FAQ - Episode 002 - Daily Arvel TV\" style=\"width:640px;max-width:100%;margin:5px;\"><div class=\"lyMe hidef\" id=\"WYL_mdp3FYnqUkw\" itemprop=\"video\" itemscope itemtype=\"https:\/\/schema.org\/VideoObject\"><div><meta itemprop=\"thumbnailUrl\" content=\"\/\/i.ytimg.com\/vi\/mdp3FYnqUkw\/maxresdefault.jpg\" \/><meta itemprop=\"embedURL\" content=\"https:\/\/www.youtube.com\/embed\/mdp3FYnqUkw\" \/><meta itemprop=\"duration\" content=\"T209S\" \/><meta itemprop=\"uploadDate\" content=\"2013-09-09T20:24:35.000Z\" \/><\/div><div id=\"lyte_mdp3FYnqUkw\" data-src=\"\/\/i.ytimg.com\/vi\/mdp3FYnqUkw\/maxresdefault.jpg\" class=\"pL\"><div class=\"tC\"><div class=\"tT\" itemprop=\"name\">Das Geocaching FAQ - Episode 002 - Daily Arvel TV<\/div><\/div><div class=\"play\"><\/div><div class=\"ctrl\"><div class=\"Lctrl\"><\/div><div class=\"Rctrl\"><\/div><\/div><\/div><noscript><a href=\"http:\/\/youtu.be\/mdp3FYnqUkw\" rel=\"nofollow\"><img loading=\"lazy\" decoding=\"async\" src=\"http:\/\/i.ytimg.com\/vi\/mdp3FYnqUkw\/0.jpg\" alt=\"Das Geocaching FAQ - Episode 002 - Daily Arvel TV\" width=\"640\" height=\"340\" \/><\/a><\/noscript><meta itemprop=\"description\" content=\"F\u00fcr alle diejenigen, die einen kleinen Einblick in den Alltag eines Geocachers haben m\u00f6chten, hier eine kleine Zusammenstellung von vielen kleinen Geocaches, die ich im Verlauf der letzten 3 Jahre gefunden habe (und die meist leider auch schon leider archiviert worden sind... :-( ) Blogeintr\u00e4ge zum Thema Geocaching: http:\/\/www.dailyarvel.de\/2011\/04\/10\/1337\/ http:\/\/www.dailyarvel.de\/2011\/06\/20\/action-caching\/ Musik: http:\/\/www.danosongs.com\/\"><\/div><\/div><div class=\"lL\" style=\"max-width:100%;width:640px;margin:5px;\"> <a href=\"http:\/\/youtu.be\/mdp3FYnqUkw\" target=\"_blank\">Dieses Video auf YouTube ansehen<\/a>.<\/div><\/p>\n<div class=\"lyte-wrapper\" title=\"Der Raspberry Pi ist da - Episode 003 - Daily Arvel TV\" style=\"width:640px;max-width:100%;margin:5px;\"><div class=\"lyMe hidef\" id=\"WYL_-SyVicuGWBo\" itemprop=\"video\" itemscope itemtype=\"https:\/\/schema.org\/VideoObject\"><div><meta itemprop=\"thumbnailUrl\" content=\"\/\/i.ytimg.com\/vi\/-SyVicuGWBo\/maxresdefault.jpg\" \/><meta itemprop=\"embedURL\" content=\"https:\/\/www.youtube.com\/embed\/-SyVicuGWBo\" \/><meta itemprop=\"duration\" content=\"T222S\" \/><meta itemprop=\"uploadDate\" content=\"2013-09-10T07:00:08.000Z\" \/><\/div><div id=\"lyte_-SyVicuGWBo\" data-src=\"\/\/i.ytimg.com\/vi\/-SyVicuGWBo\/maxresdefault.jpg\" class=\"pL\"><div class=\"tC\"><div class=\"tT\" itemprop=\"name\">Der Raspberry Pi ist da - Episode 003 - Daily Arvel TV<\/div><\/div><div class=\"play\"><\/div><div class=\"ctrl\"><div class=\"Lctrl\"><\/div><div class=\"Rctrl\"><\/div><\/div><\/div><noscript><a href=\"http:\/\/youtu.be\/-SyVicuGWBo\" rel=\"nofollow\"><img loading=\"lazy\" decoding=\"async\" src=\"http:\/\/i.ytimg.com\/vi\/-SyVicuGWBo\/0.jpg\" alt=\"Der Raspberry Pi ist da - Episode 003 - Daily Arvel TV\" width=\"640\" height=\"340\" \/><\/a><\/noscript><meta itemprop=\"description\" content=\"Mein neues Spielzeug ist angekommen. Der Raspberry Pi. Das ist ein kleiner Minicomputer mit vielen Anschl\u00fcssen und vielen M\u00f6glichkeiten. Es werden noch weitere Videos zum Raspi erscheinen, die zeigen, wie ich den Raspi zu einer \u00dcberwachungskamera umfunktioniere...\"><\/div><\/div><div class=\"lL\" style=\"max-width:100%;width:640px;margin:5px;\"> <a href=\"http:\/\/youtu.be\/-SyVicuGWBo\" target=\"_blank\">Dieses Video auf YouTube ansehen<\/a>.<\/div><\/p>\n<div class=\"lyte-wrapper\" title=\"Die Zombies kommen - Teil 1 - Episode 004 - Daily Arvel TV\" style=\"width:640px;max-width:100%;margin:5px;\"><div class=\"lyMe hidef\" id=\"WYL_yRUml8b2BJ4\" itemprop=\"video\" itemscope itemtype=\"https:\/\/schema.org\/VideoObject\"><div><meta itemprop=\"thumbnailUrl\" content=\"\/\/i.ytimg.com\/vi\/yRUml8b2BJ4\/maxresdefault.jpg\" \/><meta itemprop=\"embedURL\" content=\"https:\/\/www.youtube.com\/embed\/yRUml8b2BJ4\" \/><meta itemprop=\"duration\" content=\"T563S\" \/><meta itemprop=\"uploadDate\" content=\"2013-09-17T08:35:39.000Z\" \/><\/div><div id=\"lyte_yRUml8b2BJ4\" data-src=\"\/\/i.ytimg.com\/vi\/yRUml8b2BJ4\/maxresdefault.jpg\" class=\"pL\"><div class=\"tC\"><div class=\"tT\" itemprop=\"name\">Die Zombies kommen - Teil 1 - Episode 004 - Daily Arvel TV<\/div><\/div><div class=\"play\"><\/div><div class=\"ctrl\"><div class=\"Lctrl\"><\/div><div class=\"Rctrl\"><\/div><\/div><\/div><noscript><a href=\"http:\/\/youtu.be\/yRUml8b2BJ4\" rel=\"nofollow\"><img loading=\"lazy\" decoding=\"async\" src=\"http:\/\/i.ytimg.com\/vi\/yRUml8b2BJ4\/0.jpg\" alt=\"Die Zombies kommen - Teil 1 - Episode 004 - Daily Arvel TV\" width=\"640\" height=\"340\" \/><\/a><\/noscript><meta itemprop=\"description\" content=\"DIE ZOMBIES KOMMEN! Wie wahrscheinlich ist eine Zombieapokalypse und wieso sollte mich das interessieren? Und seht exklusiv, wie ich 10 Minuten lang einen Comic lese! Referenzen: Zombieangriff in Florida: http:\/\/en.wikipedia.org\/wiki\/Miami_cannibal_attack Zombie-Tauben in Moskau: http:\/\/www.spiegel.de\/panorama\/moskau-zombie-tauben-veraengstigen-einwohner-a-917187.html Mathematisches Zombie-Modell: http:\/\/nanoexplanations.wordpress.com\/2011\/07\/17\/the-szr-model-of-the-zombie-apocalypse\/ Philip Munz, Ioan Hudea, Joe Imad, &amp; Robert J. Smith? (2009). When Zombies Attack!: Mathematical Modelling of an Outbreak of Zombie Infection Infectious Disease Modelling Research Progress, 133-150 CDC Seite zum Thema Zombies: http:\/\/www.cdc.gov\/phpr\/zombies.htm Zombies im kanadischen Parlament: http:\/\/www.youtube.com\/watch?v=ueBZuZAoglE Berliner Piraten Anfrage im Senat: http:\/\/www.parlament-berlin.de:8080\/starweb\/adis\/citat\/VT\/17\/KlAnfr\/ka17-11591.pdf\"><\/div><\/div><div class=\"lL\" style=\"max-width:100%;width:640px;margin:5px;\"> <a href=\"http:\/\/youtu.be\/yRUml8b2BJ4\" target=\"_blank\">Dieses Video auf YouTube ansehen<\/a>.<\/div><\/p>\n<div class=\"lyte-wrapper\" title=\"Notfallpl&auml;ne f&uuml;r die Zombieapokalypse und andere Katastrophen - Episode 005 - Daily Arvel TV\" style=\"width:640px;max-width:100%;margin:5px;\"><div class=\"lyMe hidef\" id=\"WYL_XsyMM4arOyo\" itemprop=\"video\" itemscope itemtype=\"https:\/\/schema.org\/VideoObject\"><div><meta itemprop=\"thumbnailUrl\" content=\"\/\/i.ytimg.com\/vi\/XsyMM4arOyo\/maxresdefault.jpg\" \/><meta itemprop=\"embedURL\" content=\"https:\/\/www.youtube.com\/embed\/XsyMM4arOyo\" \/><meta itemprop=\"duration\" content=\"T316S\" \/><meta itemprop=\"uploadDate\" content=\"2013-09-18T23:40:25.000Z\" \/><\/div><div id=\"lyte_XsyMM4arOyo\" data-src=\"\/\/i.ytimg.com\/vi\/XsyMM4arOyo\/maxresdefault.jpg\" class=\"pL\"><div class=\"tC\"><div class=\"tT\" itemprop=\"name\">Notfallpl\u00e4ne f\u00fcr die Zombieapokalypse und andere Katastrophen - Episode 005 - Daily Arvel TV<\/div><\/div><div class=\"play\"><\/div><div class=\"ctrl\"><div class=\"Lctrl\"><\/div><div class=\"Rctrl\"><\/div><\/div><\/div><noscript><a href=\"http:\/\/youtu.be\/XsyMM4arOyo\" rel=\"nofollow\"><img loading=\"lazy\" decoding=\"async\" src=\"http:\/\/i.ytimg.com\/vi\/XsyMM4arOyo\/0.jpg\" alt=\"Notfallpl&auml;ne f&uuml;r die Zombieapokalypse und andere Katastrophen - Episode 005 - Daily Arvel TV\" width=\"640\" height=\"340\" \/><\/a><\/noscript><meta itemprop=\"description\" content=\"DIE ZOMBIES KOMMEN! Schon wieder... Diesmal gibt es aber ein paar ordentliche Tipps f\u00fcr den Ernstfall. Was sollte man unbedingt alles dabei haben, falls auf der Strasse auf einmal Zombies herumlaufen sollten. Oder pl\u00f6tzlich das Wasser meterhoch auf der Strasse steht. Oder die Erde verdammt stark wackelt. Oder ein grosser Sturm einem das Haus zerst\u00f6rt. Oder generell im Katastrophenfall... Hier der Link zur Zombie-Vorbereitungsseite des CDC http:\/\/www.cdc.gov\/phpr\/zombies.htm Das Wenger Schweizer Offiziersmesser, von dem ich da rede... http:\/\/www.amazon.de\/Wenger-Schweizer-Offiziersmesser-Messer-Schatulle\/dp\/B000R0JDSI\"><\/div><\/div><div class=\"lL\" style=\"max-width:100%;width:640px;margin:5px;\"> <a href=\"http:\/\/youtu.be\/XsyMM4arOyo\" target=\"_blank\">Dieses Video auf YouTube ansehen<\/a>.<\/div><\/p>\n<div class=\"lyte-wrapper\" title=\"Fatburnen mit Action Camera GoPro Hero3 - Episode 006 - Daily Arvel TV\" style=\"width:640px;max-width:100%;margin:5px;\"><div class=\"lyMe hidef\" id=\"WYL_QHm3wSnVUKs\" itemprop=\"video\" itemscope itemtype=\"https:\/\/schema.org\/VideoObject\"><div><meta itemprop=\"thumbnailUrl\" content=\"\/\/i.ytimg.com\/vi\/QHm3wSnVUKs\/maxresdefault.jpg\" \/><meta itemprop=\"embedURL\" content=\"https:\/\/www.youtube.com\/embed\/QHm3wSnVUKs\" \/><meta itemprop=\"duration\" content=\"T280S\" \/><meta itemprop=\"uploadDate\" content=\"2013-10-04T11:15:19.000Z\" \/><\/div><div id=\"lyte_QHm3wSnVUKs\" data-src=\"\/\/i.ytimg.com\/vi\/QHm3wSnVUKs\/maxresdefault.jpg\" class=\"pL\"><div class=\"tC\"><div class=\"tT\" itemprop=\"name\">Fatburnen mit Action Camera GoPro Hero3 - Episode 006 - Daily Arvel TV<\/div><\/div><div class=\"play\"><\/div><div class=\"ctrl\"><div class=\"Lctrl\"><\/div><div class=\"Rctrl\"><\/div><\/div><\/div><noscript><a href=\"http:\/\/youtu.be\/QHm3wSnVUKs\" rel=\"nofollow\"><img loading=\"lazy\" decoding=\"async\" src=\"http:\/\/i.ytimg.com\/vi\/QHm3wSnVUKs\/0.jpg\" alt=\"Fatburnen mit Action Camera GoPro Hero3 - Episode 006 - Daily Arvel TV\" width=\"640\" height=\"340\" \/><\/a><\/noscript><meta itemprop=\"description\" content=\"Neues Kamera-Spielzeug! Ich probiere mal die GoPro Hero3 f\u00fcr ein paar Action-Videos aus. F\u00fcr den ersten Test danke ich Chris von Fantastic Body TV, da sind ein paar tolle Aufnahmen dabei gelungen. Zu Chris&#039; Channel geht es hier: http:\/\/www.youtube.com\/user\/fantasticbodytv?feature=watch Zu dem Fatburner Kurs geht es hier: http:\/\/www.youtube.com\/watch?v=8PcO45iDRHM Musik: Dan-O-Songs Update: Mittlerweile ist sogar schon eine upgedatete Fassung der GoPro Hero3 herausgekommen, die einige Verbesserungen hat, wie zum Beispiel eine k\u00fcrzere Zeitverz\u00f6gerung beim \u00dcbertragen auf die Steuerungsapp. http:\/\/www.heise.de\/newsticker\/meldung\/ActionCam-GoPro-Detailverbesserungen-bei-Hero-3-1970762.html\"><\/div><\/div><div class=\"lL\" style=\"max-width:100%;width:640px;margin:5px;\"> <a href=\"http:\/\/youtu.be\/QHm3wSnVUKs\" target=\"_blank\">Dieses Video auf YouTube ansehen<\/a>.<\/div><\/p>\n<div class=\"lyte-wrapper\" title=\"Literarische Meisterwerke von Hans Peter Geerdes - Episode 007 - Daily Arvel TV\" style=\"width:640px;max-width:100%;margin:5px;\"><div class=\"lyMe hidef\" id=\"WYL_RT001dNx0mw\" itemprop=\"video\" itemscope itemtype=\"https:\/\/schema.org\/VideoObject\"><div><meta itemprop=\"thumbnailUrl\" content=\"\/\/i.ytimg.com\/vi\/RT001dNx0mw\/maxresdefault.jpg\" \/><meta itemprop=\"embedURL\" content=\"https:\/\/www.youtube.com\/embed\/RT001dNx0mw\" \/><meta itemprop=\"duration\" content=\"T302S\" \/><meta itemprop=\"uploadDate\" content=\"2013-12-02T22:02:01.000Z\" \/><\/div><div id=\"lyte_RT001dNx0mw\" data-src=\"\/\/i.ytimg.com\/vi\/RT001dNx0mw\/maxresdefault.jpg\" class=\"pL\"><div class=\"tC\"><div class=\"tT\" itemprop=\"name\">Literarische Meisterwerke von Hans Peter Geerdes - Episode 007 - Daily Arvel TV<\/div><\/div><div class=\"play\"><\/div><div class=\"ctrl\"><div class=\"Lctrl\"><\/div><div class=\"Rctrl\"><\/div><\/div><\/div><noscript><a href=\"http:\/\/youtu.be\/RT001dNx0mw\" rel=\"nofollow\"><img loading=\"lazy\" decoding=\"async\" src=\"http:\/\/i.ytimg.com\/vi\/RT001dNx0mw\/0.jpg\" alt=\"Literarische Meisterwerke von Hans Peter Geerdes - Episode 007 - Daily Arvel TV\" width=\"640\" height=\"340\" \/><\/a><\/noscript><meta itemprop=\"description\" content=\"Eine kleine Zusammenstellung der besten literarischen Erg\u00fcsse des Hans-Peter Geredes. Ein wahrer Anw\u00e4rter f\u00fcr den n\u00e4chsten Literatur-Nobelpreis!\"><\/div><\/div><div class=\"lL\" style=\"max-width:100%;width:640px;margin:5px;\"> <a href=\"http:\/\/youtu.be\/RT001dNx0mw\" target=\"_blank\">Dieses Video auf YouTube ansehen<\/a>.<\/div><\/p>\n<div class=\"lyte-wrapper\" title=\"Breaking Math - Online Mathe Nachhilfe - Parallelogramme - Episode 0008 - Daily Arvel TV\" style=\"width:640px;max-width:100%;margin:5px;\"><div class=\"lyMe hidef\" id=\"WYL_YSBLQ2YB2cE\" itemprop=\"video\" itemscope itemtype=\"https:\/\/schema.org\/VideoObject\"><div><meta itemprop=\"thumbnailUrl\" content=\"\/\/i.ytimg.com\/vi\/YSBLQ2YB2cE\/maxresdefault.jpg\" \/><meta itemprop=\"embedURL\" content=\"https:\/\/www.youtube.com\/embed\/YSBLQ2YB2cE\" \/><meta itemprop=\"duration\" content=\"T700S\" \/><meta itemprop=\"uploadDate\" content=\"2014-02-11T08:23:18.000Z\" \/><\/div><div id=\"lyte_YSBLQ2YB2cE\" data-src=\"\/\/i.ytimg.com\/vi\/YSBLQ2YB2cE\/maxresdefault.jpg\" class=\"pL\"><div class=\"tC\"><div class=\"tT\" itemprop=\"name\">Breaking Math - Online Mathe Nachhilfe - Parallelogramme - Episode 0008 - Daily Arvel TV<\/div><\/div><div class=\"play\"><\/div><div class=\"ctrl\"><div class=\"Lctrl\"><\/div><div class=\"Rctrl\"><\/div><\/div><\/div><noscript><a href=\"http:\/\/youtu.be\/YSBLQ2YB2cE\" rel=\"nofollow\"><img loading=\"lazy\" decoding=\"async\" src=\"http:\/\/i.ytimg.com\/vi\/YSBLQ2YB2cE\/0.jpg\" alt=\"Breaking Math - Online Mathe Nachhilfe - Parallelogramme - Episode 0008 - Daily Arvel TV\" width=\"640\" height=\"340\" \/><\/a><\/noscript><meta itemprop=\"description\" content=\"Ich werde \u00f6fters mal gefragt, ob ich Mathe-Nachhilfe geben k\u00f6nnte. Gerne. In dem ersten Video meiner Mathenachhilfe erkl\u00e4re ich, wie man Punkte in einem Parallelogramm berechnet. Und wozu man den Mist eigentlich brauchen kann.\"><\/div><\/div><div class=\"lL\" style=\"max-width:100%;width:640px;margin:5px;\"> <a href=\"http:\/\/youtu.be\/YSBLQ2YB2cE\" target=\"_blank\">Dieses Video auf YouTube ansehen<\/a>.<\/div><\/p>\n","protected":false},"excerpt":{"rendered":"","protected":false},"author":2,"featured_media":0,"parent":0,"menu_order":0,"comment_status":"open","ping_status":"open","template":"","meta":{"_exactmetrics_skip_tracking":false,"_exactmetrics_sitenote_active":false,"_exactmetrics_sitenote_note":"","_exactmetrics_sitenote_category":0,"ngg_post_thumbnail":0,"jetpack_post_was_ever_published":false,"footnotes":""},"class_list":["post-1853","page","type-page","status-publish","hentry"],"jetpack_shortlink":"https:\/\/wp.me\/P2tmAQ-tT","jetpack_sharing_enabled":true,"_links":{"self":[{"href":"http:\/\/www.dailyarvel.de\/index.php?rest_route=\/wp\/v2\/pages\/1853","targetHints":{"allow":["GET"]}}],"collection":[{"href":"http:\/\/www.dailyarvel.de\/index.php?rest_route=\/wp\/v2\/pages"}],"about":[{"href":"http:\/\/www.dailyarvel.de\/index.php?rest_route=\/wp\/v2\/types\/page"}],"author":[{"embeddable":true,"href":"http:\/\/www.dailyarvel.de\/index.php?rest_route=\/wp\/v2\/users\/2"}],"replies":[{"embeddable":true,"href":"http:\/\/www.dailyarvel.de\/index.php?rest_route=%2Fwp%2Fv2%2Fcomments&post=1853"}],"version-history":[{"count":1,"href":"http:\/\/www.dailyarvel.de\/index.php?rest_route=\/wp\/v2\/pages\/1853\/revisions"}],"predecessor-version":[{"id":1854,"href":"http:\/\/www.dailyarvel.de\/index.php?rest_route=\/wp\/v2\/pages\/1853\/revisions\/1854"}],"wp:attachment":[{"href":"http:\/\/www.dailyarvel.de\/index.php?rest_route=%2Fwp%2Fv2%2Fmedia&parent=1853"}],"curies":[{"name":"wp","href":"https:\/\/api.w.org\/{rel}","templated":true}]}}